{"id":73,"date":"2010-02-02T01:00:03","date_gmt":"2010-02-02T00:00:03","guid":{"rendered":"http:\/\/www.goebel-groh.at\/test\/?page_id=73"},"modified":"2020-02-21T01:30:14","modified_gmt":"2020-02-21T00:30:14","slug":"rechtsdatenbanken","status":"publish","type":"page","link":"https:\/\/www.goebel-kolar.at\/?page_id=73","title":{"rendered":"Datenbanken"},"content":{"rendered":"<ul>\n<li style=\"text-align: left;\"><a href=\"http:\/\/www.wienerzeitung.at\/\" target=\"_blank\" rel=\"noopener noreferrer\">Amtsblatt der Republik \u00d6sterreich<\/a><\/li>\n<li style=\"text-align: left;\"><a href=\"http:\/\/www.help.gv.at\/\">Amtshelfer der Republik \u00d6sterreich<\/a><\/li>\n<li style=\"text-align: left;\"><a href=\"http:\/\/www.bmi.gv.at\/\" target=\"_blank\" rel=\"noopener noreferrer\">Bundesministerium f\u00fcr Inneres<\/a><\/li>\n<li style=\"text-align: left;\"><a href=\"http:\/\/www.bmj.gv.at\/\">Bundesministerium f\u00fcr Justiz<\/a><\/li>\n<li style=\"text-align: left;\"><a href=\"http:\/\/www.ris.bka.gv.at\/\" target=\"_blank\" rel=\"noopener noreferrer\">Bundesgesetzbl\u00e4tter<\/a><\/li>\n<li style=\"text-align: left;\"><a href=\"http:\/\/europa.eu.int\/clab\/\" target=\"_blank\" rel=\"noopener noreferrer\">CLAB Europa<\/a><\/li>\n<li style=\"text-align: left;\"><a href=\"http:\/\/www.edikte.justiz.gv.at\/\" target=\"_blank\" rel=\"noopener noreferrer\">Ediktsdatei, Konkurse, Versteigerungen etc.<\/a><\/li>\n<li style=\"text-align: left;\"><a href=\"http:\/\/www.curia.eu.int\/de\/index.htm\" target=\"_blank\" rel=\"noopener noreferrer\">EUGH<\/a><\/li>\n<li style=\"text-align: left;\"><a href=\"http:\/\/europa.eu.int\/eur-lex\/\" target=\"_blank\" rel=\"noopener noreferrer\">EUROPA-Recht<\/a><\/li>\n<li style=\"text-align: left;\"><a href=\"http:\/\/www.wko.at\/statistik\/indizes\/tabelle.htm\" target=\"_blank\" rel=\"noopener noreferrer\">Indizes, Wertsicherung<\/a><\/li>\n<li style=\"text-align: left;\"><a href=\"http:\/\/www.jusline.at\/jus.info.berech.html\" target=\"_blank\" rel=\"noopener noreferrer\">JUSLINE-Berechnungen<\/a><\/li>\n<li style=\"text-align: left;\"><a href=\"http:\/\/www.jusline.at\/\" target=\"_blank\" rel=\"noopener noreferrer\">JUSLINE_ Rechtsanw\u00e4lte, Patentanw\u00e4lte, Notare, Gerichte, Sachverst\u00e4ndige, Staatsanw\u00e4lte<\/a><\/li>\n<li style=\"text-align: left;\"><a href=\"http:\/\/www.vvo.at\/vvoat\/vvoat.nsf\" target=\"_blank\" rel=\"noopener noreferrer\">KFZ-Zulassungsdatei<\/a><\/li>\n<li style=\"text-align: left;\"><a href=\"http:\/\/www.wkv.at\/sektionen\/gw\/kollektiv.htm\" target=\"_blank\" rel=\"noopener noreferrer\">Kollektivvertr\u00e4ge<\/a><\/li>\n<li style=\"text-align: left;\"><a href=\"http:\/\/www.vki.or.at\/\">Konsument<\/a><\/li>\n<li style=\"text-align: left;\"><a href=\"http:\/\/www.lexetius.com\/\" target=\"_blank\" rel=\"noopener noreferrer\">Lexetius<\/a><\/li>\n<li style=\"text-align: left;\"><a href=\"http:\/\/files.jet2web.net\/karriere\/lohnrechner.html\">Lohnrechner<\/a><\/li>\n<li style=\"text-align: left;\"><a href=\"http:\/\/www.parlament.gv.at\/\" target=\"_blank\" rel=\"noopener noreferrer\">Parlamentsserver<\/a><\/li>\n<li style=\"text-align: left;\"><a href=\"http:\/\/www.patentamt.at\/\" target=\"_blank\" rel=\"noopener noreferrer\">Patentamt<\/a><\/li>\n<li style=\"text-align: left;\"><a href=\"http:\/\/www.help.gv.at\/\">Privatkonkurs Formulare<\/a><\/li>\n<li style=\"text-align: left;\"><a href=\"https:\/\/www.rechtsanwaelte.at\/\" target=\"_blank\" rel=\"noopener noreferrer\">Rechtsanwaltskammer<\/a><\/li>\n<li style=\"text-align: left;\"><a href=\"http:\/\/www.ris.bka.gv.at\/\" target=\"_blank\" rel=\"noopener noreferrer\">Rechtsinformationssystem<\/a><\/li>\n<li style=\"text-align: left;\"><a href=\"http:\/\/www.austria.gv.at\/\" target=\"_blank\" rel=\"noopener noreferrer\">Republik \u00d6sterreich<\/a><\/li>\n<li style=\"text-align: left;\"><a href=\"http:\/\/www.richtervereinigung.at\/\" target=\"_blank\" rel=\"noopener noreferrer\">Richtervereinigung <\/a><\/li>\n<li style=\"text-align: left;\"><a href=\"http:\/\/www.salzburg.gv.at\/\" target=\"_blank\" rel=\"noopener noreferrer\">Salzburg Online<\/a><\/li>\n<li style=\"text-align: left;\"><a href=\"http:\/\/www.sozdok.at\/\">Sozialrechtliche Gesetze<\/a><\/li>\n<li style=\"text-align: left;\"><a href=\"http:\/\/www.steiermark.at\/\" target=\"_blank\" rel=\"noopener noreferrer\">Steiermark Online<\/a><\/li>\n<li style=\"text-align: left;\"><a href=\"http:\/\/www.tirol.gv.at\/\" target=\"_blank\" rel=\"noopener noreferrer\">Tirol Online<\/a><\/li>\n<li style=\"text-align: left;\"><a href=\"http:\/\/www.vorarlberg.at\/\" target=\"_blank\" rel=\"noopener noreferrer\">Vorarlberg Online<\/a><\/li>\n<li style=\"text-align: left;\"><a href=\"http:\/\/www.wien.at\/\" target=\"_blank\" rel=\"noopener noreferrer\">Wien Online<\/a><\/li>\n<li style=\"text-align: left;\"><a href=\"http:\/\/www.wko.at\/\" target=\"_blank\" rel=\"noopener noreferrer\">Wirtschaftskammer<\/a><\/li>\n<li style=\"text-align: left;\"><a href=\"http:\/\/www.wien.gv.at\/recht\/\" target=\"_blank\" rel=\"noopener noreferrer\">Wiener Rechtsinformationssystem <\/a><\/li>\n<li style=\"text-align: left;\"><a href=\"http:\/\/zinsklauseln.oenb.at\/\" target=\"_blank\" rel=\"noopener noreferrer\">Zinsklauseln der \u00d6NB<\/a><\/li>\n<li style=\"text-align: left;\"><a href=\"http:\/\/www.oegbverlag.at\/\" target=\"_blank\" rel=\"noopener noreferrer\">\u00d6GB-Verlag<\/a><\/li>\n<\/ul>\n","protected":false},"excerpt":{"rendered":"<p>Amtsblatt der Republik \u00d6sterreich Amtshelfer der Republik \u00d6sterreich Bundesministerium f\u00fcr Inneres Bundesministerium f\u00fcr Justiz Bundesgesetzbl\u00e4tter CLAB Europa Ediktsdatei, Konkurse, Versteigerungen etc. EUGH EUROPA-Recht Indizes, Wertsicherung JUSLINE-Berechnungen JUSLINE_ Rechtsanw\u00e4lte, Patentanw\u00e4lte, Notare, Gerichte, Sachverst\u00e4ndige, Staatsanw\u00e4lte KFZ-Zulassungsdatei Kollektivvertr\u00e4ge Konsument Lexetius Lohnrechner Parlamentsserver Patentamt Privatkonkurs Formulare Rechtsanwaltskammer Rechtsinformationssystem Republik \u00d6sterreich Richtervereinigung Salzburg Online Sozialrechtliche Gesetze Steiermark Online Tirol Online [&hellip;]<\/p>\n","protected":false},"author":1,"featured_media":0,"parent":0,"menu_order":0,"comment_status":"closed","ping_status":"closed","template":"","meta":{"_monsterinsights_skip_tracking":false,"_monsterinsights_sitenote_active":false,"_monsterinsights_sitenote_note":"","_monsterinsights_sitenote_category":0,"footnotes":""},"class_list":["post-73","page","type-page","status-publish","hentry"],"_links":{"self":[{"href":"https:\/\/www.goebel-kolar.at\/index.php?rest_route=\/wp\/v2\/pages\/73","targetHints":{"allow":["GET"]}}],"collection":[{"href":"https:\/\/www.goebel-kolar.at\/index.php?rest_route=\/wp\/v2\/pages"}],"about":[{"href":"https:\/\/www.goebel-kolar.at\/index.php?rest_route=\/wp\/v2\/types\/page"}],"author":[{"embeddable":true,"href":"https:\/\/www.goebel-kolar.at\/index.php?rest_route=\/wp\/v2\/users\/1"}],"replies":[{"embeddable":true,"href":"https:\/\/www.goebel-kolar.at\/index.php?rest_route=%2Fwp%2Fv2%2Fcomments&post=73"}],"version-history":[{"count":4,"href":"https:\/\/www.goebel-kolar.at\/index.php?rest_route=\/wp\/v2\/pages\/73\/revisions"}],"predecessor-version":[{"id":261,"href":"https:\/\/www.goebel-kolar.at\/index.php?rest_route=\/wp\/v2\/pages\/73\/revisions\/261"}],"wp:attachment":[{"href":"https:\/\/www.goebel-kolar.at\/index.php?rest_route=%2Fwp%2Fv2%2Fmedia&parent=73"}],"curies":[{"name":"wp","href":"https:\/\/api.w.org\/{rel}","templated":true}]}}