{"id":70,"date":"2010-02-02T00:57:48","date_gmt":"2010-02-01T23:57:48","guid":{"rendered":"http:\/\/www.goebel-groh.at\/test\/?page_id=70"},"modified":"2015-02-17T12:17:47","modified_gmt":"2015-02-17T11:17:47","slug":"vertrage","status":"publish","type":"page","link":"https:\/\/www.goebel-kolar.at\/?page_id=70","title":{"rendered":"Vertr\u00e4ge"},"content":{"rendered":"<p>Nicht nur Notare errichten Vertr\u00e4ge, sondern auch Anw\u00e4lte. Wir sehen uns nicht nur als blo\u00dfe Niederschreiber Ihrer W\u00fcnsche und Vorstellungen. Im Vertragswesen ist die individuelle Betreuung besonders wichtig, aber auch das sorgf\u00e4ltige \u00dcberdenken aller Eventualit\u00e4ten gemeinsam mit unseren Klienten. Wir stellen Ihnen all unser Wissen und unsere Erfahrung, die wir in jahrelanger t\u00e4glicher Praxis erringen konnten, zur Verf\u00fcgung. Da wir auch Prozessanw\u00e4lte sind, wissen wir, wozu kurzsichtige oder oberfl\u00e4chliche Vertr\u00e4ge f\u00fchren k\u00f6nnen.<\/p>\n","protected":false},"excerpt":{"rendered":"<p>Nicht nur Notare errichten Vertr\u00e4ge, sondern auch Anw\u00e4lte. Wir sehen uns nicht nur als blo\u00dfe Niederschreiber Ihrer W\u00fcnsche und Vorstellungen. Im Vertragswesen ist die individuelle Betreuung besonders wichtig, aber auch das sorgf\u00e4ltige \u00dcberdenken aller Eventualit\u00e4ten gemeinsam mit unseren Klienten. Wir stellen Ihnen all unser Wissen und unsere Erfahrung, die wir in jahrelanger t\u00e4glicher Praxis erringen [&hellip;]<\/p>\n","protected":false},"author":1,"featured_media":0,"parent":57,"menu_order":0,"comment_status":"closed","ping_status":"closed","template":"","meta":{"_monsterinsights_skip_tracking":false,"_monsterinsights_sitenote_active":false,"_monsterinsights_sitenote_note":"","_monsterinsights_sitenote_category":0,"footnotes":""},"class_list":["post-70","page","type-page","status-publish","hentry"],"_links":{"self":[{"href":"https:\/\/www.goebel-kolar.at\/index.php?rest_route=\/wp\/v2\/pages\/70","targetHints":{"allow":["GET"]}}],"collection":[{"href":"https:\/\/www.goebel-kolar.at\/index.php?rest_route=\/wp\/v2\/pages"}],"about":[{"href":"https:\/\/www.goebel-kolar.at\/index.php?rest_route=\/wp\/v2\/types\/page"}],"author":[{"embeddable":true,"href":"https:\/\/www.goebel-kolar.at\/index.php?rest_route=\/wp\/v2\/users\/1"}],"replies":[{"embeddable":true,"href":"https:\/\/www.goebel-kolar.at\/index.php?rest_route=%2Fwp%2Fv2%2Fcomments&post=70"}],"version-history":[{"count":3,"href":"https:\/\/www.goebel-kolar.at\/index.php?rest_route=\/wp\/v2\/pages\/70\/revisions"}],"predecessor-version":[{"id":172,"href":"https:\/\/www.goebel-kolar.at\/index.php?rest_route=\/wp\/v2\/pages\/70\/revisions\/172"}],"up":[{"embeddable":true,"href":"https:\/\/www.goebel-kolar.at\/index.php?rest_route=\/wp\/v2\/pages\/57"}],"wp:attachment":[{"href":"https:\/\/www.goebel-kolar.at\/index.php?rest_route=%2Fwp%2Fv2%2Fmedia&parent=70"}],"curies":[{"name":"wp","href":"https:\/\/api.w.org\/{rel}","templated":true}]}}