{"id":55,"date":"2010-02-02T00:50:19","date_gmt":"2010-02-01T23:50:19","guid":{"rendered":"http:\/\/www.goebel-groh.at\/test\/?page_id=55"},"modified":"2015-02-16T16:56:50","modified_gmt":"2015-02-16T15:56:50","slug":"konsumentenschutz","status":"publish","type":"page","link":"https:\/\/www.goebel-kolar.at\/?page_id=55","title":{"rendered":"Konsumentenschutz"},"content":{"rendered":"<p>Mit dem EU-Beitritt \u00d6sterreichs wurde der bestehende Konsumentenschutz nochmals weitgehend abge\u00e4ndert und erweitert, er ist in st\u00e4ndiger Entwicklung. Welche M\u00f6glichkeiten habe ich als Konsument gegen\u00fcber einem Unternehmer? Welche Vertragsbestanteile muss ich mir gefallen lassen und welche sind ung\u00fcltig? Ist die von mir eingegangene Haftung als B\u00fcrge g\u00fcltig oder begrenzbar? Unsere fachliche Betreuung macht Sie sicher.<\/p>\n<p><strong>Gew\u00e4hrleistung:<\/strong><\/p>\n<p>Per 1.1.2002 trat ein neues Gew\u00e4hrleistungsrecht in Kraft, das weitreichende \u00c4nderungen brachte, insbesondere was Fristen und Beweiserleichterungen und Vertragsbedingungen betrifft. Nur mit fachlicher Beratung sind Sie sicher.<\/p>\n<p><strong>Reisevertrag:<\/strong><\/p>\n<p>Gl\u00fccklicherweise k\u00f6nnen sich heute alle Fern-, ja Weltreisen leisten. Der Reiseboom aber bringt auch oft Pannen und Unzufriedenheit mit sich. Kann Storno auch ohne entsprechende Vereinbarung verlangt werden? Wird entgangene Urlaubsfreude ersetzt? Wie bewerte ich Leistungsm\u00e4ngel des Reiseveranstalters? Das EU-Recht bringt st\u00e4ndige Neuigkeiten, die auch auf die Judikatur in \u00d6sterreich Einflu\u00df hat.<\/p>\n","protected":false},"excerpt":{"rendered":"<p>Mit dem EU-Beitritt \u00d6sterreichs wurde der bestehende Konsumentenschutz nochmals weitgehend abge\u00e4ndert und erweitert, er ist in st\u00e4ndiger Entwicklung. Welche M\u00f6glichkeiten habe ich als Konsument gegen\u00fcber einem Unternehmer? Welche Vertragsbestanteile muss ich mir gefallen lassen und welche sind ung\u00fcltig? Ist die von mir eingegangene Haftung als B\u00fcrge g\u00fcltig oder begrenzbar? Unsere fachliche Betreuung macht Sie sicher. [&hellip;]<\/p>\n","protected":false},"author":1,"featured_media":0,"parent":57,"menu_order":0,"comment_status":"closed","ping_status":"closed","template":"","meta":{"_monsterinsights_skip_tracking":false,"_monsterinsights_sitenote_active":false,"_monsterinsights_sitenote_note":"","_monsterinsights_sitenote_category":0,"footnotes":""},"class_list":["post-55","page","type-page","status-publish","hentry"],"_links":{"self":[{"href":"https:\/\/www.goebel-kolar.at\/index.php?rest_route=\/wp\/v2\/pages\/55","targetHints":{"allow":["GET"]}}],"collection":[{"href":"https:\/\/www.goebel-kolar.at\/index.php?rest_route=\/wp\/v2\/pages"}],"about":[{"href":"https:\/\/www.goebel-kolar.at\/index.php?rest_route=\/wp\/v2\/types\/page"}],"author":[{"embeddable":true,"href":"https:\/\/www.goebel-kolar.at\/index.php?rest_route=\/wp\/v2\/users\/1"}],"replies":[{"embeddable":true,"href":"https:\/\/www.goebel-kolar.at\/index.php?rest_route=%2Fwp%2Fv2%2Fcomments&post=55"}],"version-history":[{"count":7,"href":"https:\/\/www.goebel-kolar.at\/index.php?rest_route=\/wp\/v2\/pages\/55\/revisions"}],"predecessor-version":[{"id":165,"href":"https:\/\/www.goebel-kolar.at\/index.php?rest_route=\/wp\/v2\/pages\/55\/revisions\/165"}],"up":[{"embeddable":true,"href":"https:\/\/www.goebel-kolar.at\/index.php?rest_route=\/wp\/v2\/pages\/57"}],"wp:attachment":[{"href":"https:\/\/www.goebel-kolar.at\/index.php?rest_route=%2Fwp%2Fv2%2Fmedia&parent=55"}],"curies":[{"name":"wp","href":"https:\/\/api.w.org\/{rel}","templated":true}]}}