{"id":53,"date":"2010-02-02T00:49:22","date_gmt":"2010-02-01T23:49:22","guid":{"rendered":"http:\/\/www.goebel-groh.at\/test\/?page_id=53"},"modified":"2015-02-16T16:57:13","modified_gmt":"2015-02-16T15:57:13","slug":"unternehmensbetreuung","status":"publish","type":"page","link":"https:\/\/www.goebel-kolar.at\/?page_id=53","title":{"rendered":"Unternehmensbetreuung"},"content":{"rendered":"<p>Wir sind spezialisiert auch in der Betreuung von Unternehmen in allen ihren rechtlichen Belangen. Dies gilt insbesondere f\u00fcr die Gr\u00fcndung, den Kauf und die Erweiterung von Unternehmen, Liquidation, \u00dcbergabe an Rechtsnachfolger, die Pr\u00fcfung und Verfassung von Vertr\u00e4gen, die Auseinandersetzung mit Arbeitnehmern und das Inkasso von Forderungen.<\/p>\n<p><strong>Inkassowesen\/Forderungseintreibung:<\/strong><\/p>\n<p>Ein Inkassob\u00fcro vermag lediglich zu mahnen und Schuldner zu besuchen. Rechtliche Schritte wie das Erwirken von Rechtstiteln (Zahlungsauftrag, Urteil, Vergleich, etc.) und die Betreuung im Exekutionsverfahren werden durch uns als spezialisierte Rechtsanw\u00e4lte mit h\u00f6chster Effizienz betrieben, sodass eine maximale Ausbeute gew\u00e4hrleistet wird. Wie kann ich vom Schuldner verstecktes Verm\u00f6gen oder Einkommen in Erfahrung bringen? Wie kann ich kosten- und zeitsparend effiziente Eintreibungsschritte setzen? Wir beraten Sie gerne.<\/p>\n<p><strong>Arbeitsrecht:<\/strong><\/p>\n<p>Die in \u00d6sterreich h\u00f6chstentwickelte Sozialgesetzgebung erfordert nicht nur f\u00fcr den Arbeitnehmer fachgerechte Beratung und Betreuung, sondern auch f\u00fcr den Arbeitgeber entsprechende pr\u00e4ventive Ma\u00dfnahmen um vor unliebsamen und teuren \u00dcberraschungen vor den Ar-beitsgerichten bewahrt zu bleiben. Weit \u00fcber 30 Gesetze befassen sich in \u00d6sterreich mit arbeitsrechtlichen Belangen. Was kann in einem Dienstvertrag aufgenommen werden? Wie ist eine Entlassung zeit- und sachgerecht auszusprechen? Jeder scheinbar noch so unbedeutende Bereich im Arbeitsleben bedarf sachkundiger Betreuung wie wir sie anbieten.<\/p>\n","protected":false},"excerpt":{"rendered":"<p>Wir sind spezialisiert auch in der Betreuung von Unternehmen in allen ihren rechtlichen Belangen. Dies gilt insbesondere f\u00fcr die Gr\u00fcndung, den Kauf und die Erweiterung von Unternehmen, Liquidation, \u00dcbergabe an Rechtsnachfolger, die Pr\u00fcfung und Verfassung von Vertr\u00e4gen, die Auseinandersetzung mit Arbeitnehmern und das Inkasso von Forderungen. Inkassowesen\/Forderungseintreibung: Ein Inkassob\u00fcro vermag lediglich zu mahnen und Schuldner [&hellip;]<\/p>\n","protected":false},"author":1,"featured_media":0,"parent":57,"menu_order":0,"comment_status":"closed","ping_status":"closed","template":"","meta":{"_monsterinsights_skip_tracking":false,"_monsterinsights_sitenote_active":false,"_monsterinsights_sitenote_note":"","_monsterinsights_sitenote_category":0,"footnotes":""},"class_list":["post-53","page","type-page","status-publish","hentry"],"_links":{"self":[{"href":"https:\/\/www.goebel-kolar.at\/index.php?rest_route=\/wp\/v2\/pages\/53","targetHints":{"allow":["GET"]}}],"collection":[{"href":"https:\/\/www.goebel-kolar.at\/index.php?rest_route=\/wp\/v2\/pages"}],"about":[{"href":"https:\/\/www.goebel-kolar.at\/index.php?rest_route=\/wp\/v2\/types\/page"}],"author":[{"embeddable":true,"href":"https:\/\/www.goebel-kolar.at\/index.php?rest_route=\/wp\/v2\/users\/1"}],"replies":[{"embeddable":true,"href":"https:\/\/www.goebel-kolar.at\/index.php?rest_route=%2Fwp%2Fv2%2Fcomments&post=53"}],"version-history":[{"count":2,"href":"https:\/\/www.goebel-kolar.at\/index.php?rest_route=\/wp\/v2\/pages\/53\/revisions"}],"predecessor-version":[{"id":61,"href":"https:\/\/www.goebel-kolar.at\/index.php?rest_route=\/wp\/v2\/pages\/53\/revisions\/61"}],"up":[{"embeddable":true,"href":"https:\/\/www.goebel-kolar.at\/index.php?rest_route=\/wp\/v2\/pages\/57"}],"wp:attachment":[{"href":"https:\/\/www.goebel-kolar.at\/index.php?rest_route=%2Fwp%2Fv2%2Fmedia&parent=53"}],"curies":[{"name":"wp","href":"https:\/\/api.w.org\/{rel}","templated":true}]}}