{"id":51,"date":"2010-02-02T00:48:47","date_gmt":"2010-02-01T23:48:47","guid":{"rendered":"http:\/\/www.goebel-groh.at\/test\/?page_id=51"},"modified":"2015-02-16T16:56:31","modified_gmt":"2015-02-16T15:56:31","slug":"familien-und-eherecht","status":"publish","type":"page","link":"https:\/\/www.goebel-kolar.at\/?page_id=51","title":{"rendered":"Familien- und Eherecht"},"content":{"rendered":"<p><strong>Rasche Hilfe<\/strong><\/p>\n<p>Vor einigen Jahrzehnten noch war es nicht so wie heute denkbar, dass ein guter Rechtsanwalt bei Gewalt in der Familie und in der Ehe derart umfangreich helfen kann. Die M\u00f6glichkeiten reichen von der Wegweisung eines Agressors, gesonderter Wohnungsnahme, Ehescheidung, Kindschafts- und Vormundschaftsrecht bis zum Schadenersatz wegen Misshandlung.<\/p>\n<p><strong>Missbrauch in der Familie<\/strong><\/p>\n<p>Ein misshandeltes Kind leidet oft noch Jahre sp\u00e4ter an den fr\u00fchkindlichen Erlebnissen, manchmal wird der Schuldige erst im Laufe einer jahrelangen Therapie erkannt. Das Kind, sp\u00e4ter erwachsen, hat nicht nur seelische, sondern auch k\u00f6rperliche, oft bleibende, Sch\u00e4den, aber auch berufliche Nachteile erlitten. All diese Nachteile k\u00f6nnen in Geld abgegolten werden. Und dies behutsam, m\u00f6glichst ohne schmerzliche Konfrontation.<br \/>\nBei finanzieller Not ist dies mit Verfahrenshilfe m\u00f6glich.<\/p>\n<p><strong>Ehescheidung<\/strong><\/p>\n<p>Der Erfolg einer Ehescheidung f\u00fcr die Zukunft der Geschiedenen zeigt sich meist erst Jahre sp\u00e4ter. Ob es um die erhalten gebliebene Gespr\u00e4chsbasis geht oder um die Wahrung der Rechte eines Ehepartners, behutsames und umsichtiges, vorausdenkendes Handeln des Spezialisten zahlt sich aus, auch wenn es etwas kostet.<br \/>\nSie sollten darauf nicht verzichten.<\/p>\n<p><strong>Unterhalt<\/strong><\/p>\n<p>Lassen Sie sich nicht durch gutgemeinte, aber mangelhafte, oberfl\u00e4chliche oder \u00fcberholte Informationen um Ihr Recht bringen. Auch wenn es vielleicht im Moment nicht um viel geht, im Laufe der Jahre kann die fachgerechte Betreuung durch uns enorm wirksam werden.<\/p>\n","protected":false},"excerpt":{"rendered":"<p>Rasche Hilfe Vor einigen Jahrzehnten noch war es nicht so wie heute denkbar, dass ein guter Rechtsanwalt bei Gewalt in der Familie und in der Ehe derart umfangreich helfen kann. Die M\u00f6glichkeiten reichen von der Wegweisung eines Agressors, gesonderter Wohnungsnahme, Ehescheidung, Kindschafts- und Vormundschaftsrecht bis zum Schadenersatz wegen Misshandlung. Missbrauch in der Familie Ein misshandeltes [&hellip;]<\/p>\n","protected":false},"author":1,"featured_media":0,"parent":57,"menu_order":0,"comment_status":"closed","ping_status":"closed","template":"","meta":{"_monsterinsights_skip_tracking":false,"_monsterinsights_sitenote_active":false,"_monsterinsights_sitenote_note":"","_monsterinsights_sitenote_category":0,"footnotes":""},"class_list":["post-51","page","type-page","status-publish","hentry"],"_links":{"self":[{"href":"https:\/\/www.goebel-kolar.at\/index.php?rest_route=\/wp\/v2\/pages\/51","targetHints":{"allow":["GET"]}}],"collection":[{"href":"https:\/\/www.goebel-kolar.at\/index.php?rest_route=\/wp\/v2\/pages"}],"about":[{"href":"https:\/\/www.goebel-kolar.at\/index.php?rest_route=\/wp\/v2\/types\/page"}],"author":[{"embeddable":true,"href":"https:\/\/www.goebel-kolar.at\/index.php?rest_route=\/wp\/v2\/users\/1"}],"replies":[{"embeddable":true,"href":"https:\/\/www.goebel-kolar.at\/index.php?rest_route=%2Fwp%2Fv2%2Fcomments&post=51"}],"version-history":[{"count":2,"href":"https:\/\/www.goebel-kolar.at\/index.php?rest_route=\/wp\/v2\/pages\/51\/revisions"}],"predecessor-version":[{"id":59,"href":"https:\/\/www.goebel-kolar.at\/index.php?rest_route=\/wp\/v2\/pages\/51\/revisions\/59"}],"up":[{"embeddable":true,"href":"https:\/\/www.goebel-kolar.at\/index.php?rest_route=\/wp\/v2\/pages\/57"}],"wp:attachment":[{"href":"https:\/\/www.goebel-kolar.at\/index.php?rest_route=%2Fwp%2Fv2%2Fmedia&parent=51"}],"curies":[{"name":"wp","href":"https:\/\/api.w.org\/{rel}","templated":true}]}}