{"id":3,"date":"2010-01-30T00:10:06","date_gmt":"2010-01-29T23:10:06","guid":{"rendered":"http:\/\/www.goebel-groh.at\/test\/?page_id=3"},"modified":"2015-02-16T16:57:05","modified_gmt":"2015-02-16T15:57:05","slug":"test","status":"publish","type":"page","link":"https:\/\/www.goebel-kolar.at\/?page_id=3","title":{"rendered":"Schadenersatzrecht"},"content":{"rendered":"<p>Sie haben einen in Geld bezifferbaren Schaden erlitten, der auf ein rechtswidriges und vorwerfbares Verhalten eines anderen zur\u00fcckzuf\u00fchren ist? Dann ist es m\u00f6glich, Schadenersatz zu verlangen! Zur Frage, wer was zu beweisen hat, ob \u00fcberhaupt wirtschaftlich sinnvolle Einbringlichkeit gegeben ist, auch \u00fcber die richtige Bezifferung der Schadensbetr\u00e4ge informieren wir gerne.<\/p>\n<p><strong>Verkehrsunfall:<\/strong><\/p>\n<p>Vorab sollten Sie darauf achten, Ihre M\u00f6glichkeiten, Schadenersatz durchzusetzen, durch Ausf\u00fcllen einer m\u00f6glichst genauen Unfalldarstellung (internationaler Unfallbericht) zu wahren. Festzuhalten ist insbesondere das fehlerhafte Verhalten des Unfallgegners durch Ankreuzen der entsprechenden Felder, bzw. die kurze Schilderung der Verfehlungen des Unfallgegners, sowie das Anfertigen einer nachvollziehbaren Unfallskizze (zB: Einzeichnen von Bremsspuren, Glassplitterfeldern, etc.) \u00fcber die Stellungen der Fahrzeuge zum Kollisionszeitpunkt im Bezug auf die Stra\u00dfe\/Kreuzung.<\/p>\n<p>Denkbar sind nicht nur der Ersatz der Reparaturkosten, sondern auch Wertminderung des bis dahin unbesch\u00e4digten KFZ, Schmerzengeld, Sachsch\u00e4den, Verdienstentgang, Ersatz f\u00fcr Heilmittel, Ersatz f\u00fcr Haushaltshilfe und dergleichen mehr.<\/p>\n<p><strong>Schmerzengeld:<\/strong><\/p>\n<p>Die Judikatur geht zwar von einem Betrag aus, der von Gerichten als Rechtsfrage global zu beurteilen ist, in der Praxis wird aber dieser Betrag durch Beiziehung von medizinischen Gut-achtern, die zusammengefasst die Tage, in welchen leichte, mittlere und starke Schmerzen erlitten werden, erheben. Das flei\u00dfige Sammeln von Behandlungsbelegen erleichtert daher die Dokumentation des Heilungsverlaufes. Zu achten ist darauf, dass nicht durch ung\u00fcnstiges Verhalten Schmerzengeldanspr\u00fcche geschm\u00e4lert werden. Juristische Beratung kann helfen.<\/p>\n<p><strong>Verdienstentgang:<\/strong><\/p>\n<p>Der Sch\u00e4diger hat den Zustand herzustellen, wie er vor seinem schuldhaften Verhalten bestand. Der unfallskausale Einkommensentgang ist schwierig zu analysieren und anhand der durch die Judikatur herausgearbeiteten Richtlinien zu bewerten. Wir helfen gerne.<\/p>\n","protected":false},"excerpt":{"rendered":"<p>Sie haben einen in Geld bezifferbaren Schaden erlitten, der auf ein rechtswidriges und vorwerfbares Verhalten eines anderen zur\u00fcckzuf\u00fchren ist? Dann ist es m\u00f6glich, Schadenersatz zu verlangen! Zur Frage, wer was zu beweisen hat, ob \u00fcberhaupt wirtschaftlich sinnvolle Einbringlichkeit gegeben ist, auch \u00fcber die richtige Bezifferung der Schadensbetr\u00e4ge informieren wir gerne. Verkehrsunfall: Vorab sollten Sie darauf [&hellip;]<\/p>\n","protected":false},"author":1,"featured_media":0,"parent":57,"menu_order":0,"comment_status":"closed","ping_status":"closed","template":"","meta":{"_monsterinsights_skip_tracking":false,"_monsterinsights_sitenote_active":false,"_monsterinsights_sitenote_note":"","_monsterinsights_sitenote_category":0,"footnotes":""},"class_list":["post-3","page","type-page","status-publish","hentry"],"_links":{"self":[{"href":"https:\/\/www.goebel-kolar.at\/index.php?rest_route=\/wp\/v2\/pages\/3","targetHints":{"allow":["GET"]}}],"collection":[{"href":"https:\/\/www.goebel-kolar.at\/index.php?rest_route=\/wp\/v2\/pages"}],"about":[{"href":"https:\/\/www.goebel-kolar.at\/index.php?rest_route=\/wp\/v2\/types\/page"}],"author":[{"embeddable":true,"href":"https:\/\/www.goebel-kolar.at\/index.php?rest_route=\/wp\/v2\/users\/1"}],"replies":[{"embeddable":true,"href":"https:\/\/www.goebel-kolar.at\/index.php?rest_route=%2Fwp%2Fv2%2Fcomments&post=3"}],"version-history":[{"count":5,"href":"https:\/\/www.goebel-kolar.at\/index.php?rest_route=\/wp\/v2\/pages\/3\/revisions"}],"predecessor-version":[{"id":63,"href":"https:\/\/www.goebel-kolar.at\/index.php?rest_route=\/wp\/v2\/pages\/3\/revisions\/63"}],"up":[{"embeddable":true,"href":"https:\/\/www.goebel-kolar.at\/index.php?rest_route=\/wp\/v2\/pages\/57"}],"wp:attachment":[{"href":"https:\/\/www.goebel-kolar.at\/index.php?rest_route=%2Fwp%2Fv2%2Fmedia&parent=3"}],"curies":[{"name":"wp","href":"https:\/\/api.w.org\/{rel}","templated":true}]}}