{"id":257,"date":"2020-02-21T01:25:20","date_gmt":"2020-02-21T00:25:20","guid":{"rendered":"http:\/\/www.ra-goebel.at\/?page_id=257"},"modified":"2020-02-21T01:25:20","modified_gmt":"2020-02-21T00:25:20","slug":"honorar-kosten","status":"publish","type":"page","link":"https:\/\/www.goebel-kolar.at\/?page_id=257","title":{"rendered":"Honorar\/Kosten"},"content":{"rendered":"<p>Wir leisten rasche und hochqualifizierte Arbeit. Unsere Kanzlei ist gem\u00e4\u00df neuestem Stand der Technik ausger\u00fcstet. All dies kann nicht kostenlos sein. Wir verrechnen unsere Leistungen nach den anwaltlichen Honorarkriterien der \u00f6sterreichischen Rechtsanwaltskammer oder nach Rechtsanwaltstarifgesetz (s. <a href=\"http:\/\/www.rakwien.at\">www.rakwien.at<\/a>, Anwaltskosten). Auch spezielle Honorarvereinbarungen sind m\u00f6glich.<\/p>\n","protected":false},"excerpt":{"rendered":"<p>Wir leisten rasche und hochqualifizierte Arbeit. Unsere Kanzlei ist gem\u00e4\u00df neuestem Stand der Technik ausger\u00fcstet. All dies kann nicht kostenlos sein. Wir verrechnen unsere Leistungen nach den anwaltlichen Honorarkriterien der \u00f6sterreichischen Rechtsanwaltskammer oder nach Rechtsanwaltstarifgesetz (s. www.rakwien.at, Anwaltskosten). Auch spezielle Honorarvereinbarungen sind m\u00f6glich.<\/p>\n","protected":false},"author":1,"featured_media":0,"parent":0,"menu_order":0,"comment_status":"closed","ping_status":"closed","template":"","meta":{"_monsterinsights_skip_tracking":false,"_monsterinsights_sitenote_active":false,"_monsterinsights_sitenote_note":"","_monsterinsights_sitenote_category":0,"footnotes":""},"class_list":["post-257","page","type-page","status-publish","hentry"],"_links":{"self":[{"href":"https:\/\/www.goebel-kolar.at\/index.php?rest_route=\/wp\/v2\/pages\/257","targetHints":{"allow":["GET"]}}],"collection":[{"href":"https:\/\/www.goebel-kolar.at\/index.php?rest_route=\/wp\/v2\/pages"}],"about":[{"href":"https:\/\/www.goebel-kolar.at\/index.php?rest_route=\/wp\/v2\/types\/page"}],"author":[{"embeddable":true,"href":"https:\/\/www.goebel-kolar.at\/index.php?rest_route=\/wp\/v2\/users\/1"}],"replies":[{"embeddable":true,"href":"https:\/\/www.goebel-kolar.at\/index.php?rest_route=%2Fwp%2Fv2%2Fcomments&post=257"}],"version-history":[{"count":1,"href":"https:\/\/www.goebel-kolar.at\/index.php?rest_route=\/wp\/v2\/pages\/257\/revisions"}],"predecessor-version":[{"id":258,"href":"https:\/\/www.goebel-kolar.at\/index.php?rest_route=\/wp\/v2\/pages\/257\/revisions\/258"}],"wp:attachment":[{"href":"https:\/\/www.goebel-kolar.at\/index.php?rest_route=%2Fwp%2Fv2%2Fmedia&parent=257"}],"curies":[{"name":"wp","href":"https:\/\/api.w.org\/{rel}","templated":true}]}}