{"id":175,"date":"2015-02-17T12:18:29","date_gmt":"2015-02-17T11:18:29","guid":{"rendered":"http:\/\/www.ra-goebel.at\/?page_id=175"},"modified":"2015-02-17T12:18:45","modified_gmt":"2015-02-17T11:18:45","slug":"mietrecht","status":"publish","type":"page","link":"https:\/\/www.goebel-kolar.at\/?page_id=175","title":{"rendered":"Mietrecht"},"content":{"rendered":"<p>Das Mietrechtsgesetz wurde seit seiner Einf\u00fchrung 1982 mindestens 20 mal abge\u00e4ndert. Wie soll ein Laie wissen, welche Bestimmung f\u00fcr welchen Zeitpunkt und wie lange gegolten hat? Was immer Ihnen versprochen wird, sollte fachgerecht gepr\u00fcft werden. Ist ein Vertrag einmal unterschrieben, sind Probleme viel schwerer &#8211; wenn \u00fcberhaupt &#8211; zu beheben, als wenn durch unsere fachgerechte Betreuung im Vorhinein Probleme besprochen und ausger\u00e4umt werden k\u00f6nnen.<\/p>\n<p>Haben Sie Probleme mit dem Vermieter? Haben Sie Probleme mit einem Mieter? Was geht und was nicht, erfahren Sie nur beim Spezialisten.<\/p>\n","protected":false},"excerpt":{"rendered":"<p>Das Mietrechtsgesetz wurde seit seiner Einf\u00fchrung 1982 mindestens 20 mal abge\u00e4ndert. Wie soll ein Laie wissen, welche Bestimmung f\u00fcr welchen Zeitpunkt und wie lange gegolten hat? Was immer Ihnen versprochen wird, sollte fachgerecht gepr\u00fcft werden. Ist ein Vertrag einmal unterschrieben, sind Probleme viel schwerer &#8211; wenn \u00fcberhaupt &#8211; zu beheben, als wenn durch unsere fachgerechte [&hellip;]<\/p>\n","protected":false},"author":1,"featured_media":0,"parent":57,"menu_order":0,"comment_status":"closed","ping_status":"closed","template":"","meta":{"_monsterinsights_skip_tracking":false,"_monsterinsights_sitenote_active":false,"_monsterinsights_sitenote_note":"","_monsterinsights_sitenote_category":0,"footnotes":""},"class_list":["post-175","page","type-page","status-publish","hentry"],"_links":{"self":[{"href":"https:\/\/www.goebel-kolar.at\/index.php?rest_route=\/wp\/v2\/pages\/175","targetHints":{"allow":["GET"]}}],"collection":[{"href":"https:\/\/www.goebel-kolar.at\/index.php?rest_route=\/wp\/v2\/pages"}],"about":[{"href":"https:\/\/www.goebel-kolar.at\/index.php?rest_route=\/wp\/v2\/types\/page"}],"author":[{"embeddable":true,"href":"https:\/\/www.goebel-kolar.at\/index.php?rest_route=\/wp\/v2\/users\/1"}],"replies":[{"embeddable":true,"href":"https:\/\/www.goebel-kolar.at\/index.php?rest_route=%2Fwp%2Fv2%2Fcomments&post=175"}],"version-history":[{"count":1,"href":"https:\/\/www.goebel-kolar.at\/index.php?rest_route=\/wp\/v2\/pages\/175\/revisions"}],"predecessor-version":[{"id":176,"href":"https:\/\/www.goebel-kolar.at\/index.php?rest_route=\/wp\/v2\/pages\/175\/revisions\/176"}],"up":[{"embeddable":true,"href":"https:\/\/www.goebel-kolar.at\/index.php?rest_route=\/wp\/v2\/pages\/57"}],"wp:attachment":[{"href":"https:\/\/www.goebel-kolar.at\/index.php?rest_route=%2Fwp%2Fv2%2Fmedia&parent=175"}],"curies":[{"name":"wp","href":"https:\/\/api.w.org\/{rel}","templated":true}]}}