{"id":173,"date":"2015-02-17T12:18:14","date_gmt":"2015-02-17T11:18:14","guid":{"rendered":"http:\/\/www.ra-goebel.at\/?page_id=173"},"modified":"2015-02-17T12:18:54","modified_gmt":"2015-02-17T11:18:54","slug":"liegenschaften","status":"publish","type":"page","link":"https:\/\/www.goebel-kolar.at\/?page_id=173","title":{"rendered":"Liegenschaften"},"content":{"rendered":"<p>Der Traum vom eigenen Haus im Gr\u00fcnen ist leicht ausgetr\u00e4umt, wenn am falschen Platz gespart wird. Die fachgerechte, sichere Vertragsabwicklung und die umsichtige Ber\u00fccksichtigung der Abgaben- und Beh\u00f6rdenbelange macht Sie sicher, Ihr Erspartes nicht zu verlieren. Dazu bedarf es bew\u00e4hrter vertraglicher Absicherungen und fachgerechter, vorsichtiger Abwicklung. Seien Sie vorsichtig, wenn Sie zum raschen Vertragsabschluss gedr\u00e4ngt werden und man Ihnen versichert, fachkundige Beratung sei nicht n\u00f6tig. Es ist leichter und sparsamer, im Vorhinein b\u00f6se \u00dcberraschungen zu vermeiden, als im Nachhinein kostenintensiv zu reparieren.<\/p>\n<p>Das Wohnungseigentumsgesetz wurde 2002 weitreichend novelliert. Die Eigentumswohnung will vor dem Kauf eingehend gepr\u00fcft werden. Sie stellt den Eigent\u00fcmer aber auch nach ihrem Erwerb vor vielf\u00e4ltige Rechtsprobleme, die wir gerne fachgerecht und individuell f\u00fcr Sie l\u00f6sen.<\/p>\n","protected":false},"excerpt":{"rendered":"<p>Der Traum vom eigenen Haus im Gr\u00fcnen ist leicht ausgetr\u00e4umt, wenn am falschen Platz gespart wird. Die fachgerechte, sichere Vertragsabwicklung und die umsichtige Ber\u00fccksichtigung der Abgaben- und Beh\u00f6rdenbelange macht Sie sicher, Ihr Erspartes nicht zu verlieren. Dazu bedarf es bew\u00e4hrter vertraglicher Absicherungen und fachgerechter, vorsichtiger Abwicklung. Seien Sie vorsichtig, wenn Sie zum raschen Vertragsabschluss gedr\u00e4ngt [&hellip;]<\/p>\n","protected":false},"author":1,"featured_media":0,"parent":57,"menu_order":0,"comment_status":"closed","ping_status":"closed","template":"","meta":{"_monsterinsights_skip_tracking":false,"_monsterinsights_sitenote_active":false,"_monsterinsights_sitenote_note":"","_monsterinsights_sitenote_category":0,"footnotes":""},"class_list":["post-173","page","type-page","status-publish","hentry"],"_links":{"self":[{"href":"https:\/\/www.goebel-kolar.at\/index.php?rest_route=\/wp\/v2\/pages\/173","targetHints":{"allow":["GET"]}}],"collection":[{"href":"https:\/\/www.goebel-kolar.at\/index.php?rest_route=\/wp\/v2\/pages"}],"about":[{"href":"https:\/\/www.goebel-kolar.at\/index.php?rest_route=\/wp\/v2\/types\/page"}],"author":[{"embeddable":true,"href":"https:\/\/www.goebel-kolar.at\/index.php?rest_route=\/wp\/v2\/users\/1"}],"replies":[{"embeddable":true,"href":"https:\/\/www.goebel-kolar.at\/index.php?rest_route=%2Fwp%2Fv2%2Fcomments&post=173"}],"version-history":[{"count":1,"href":"https:\/\/www.goebel-kolar.at\/index.php?rest_route=\/wp\/v2\/pages\/173\/revisions"}],"predecessor-version":[{"id":174,"href":"https:\/\/www.goebel-kolar.at\/index.php?rest_route=\/wp\/v2\/pages\/173\/revisions\/174"}],"up":[{"embeddable":true,"href":"https:\/\/www.goebel-kolar.at\/index.php?rest_route=\/wp\/v2\/pages\/57"}],"wp:attachment":[{"href":"https:\/\/www.goebel-kolar.at\/index.php?rest_route=%2Fwp%2Fv2%2Fmedia&parent=173"}],"curies":[{"name":"wp","href":"https:\/\/api.w.org\/{rel}","templated":true}]}}